
				

{"id":6299,"date":"2014-07-26T05:47:40","date_gmt":"2014-07-26T05:47:40","guid":{"rendered":"http:\/\/ak-epito.hu\/en\/kapcsolat\/"},"modified":"2024-06-12T08:44:59","modified_gmt":"2024-06-12T08:44:59","slug":"contact","status":"publish","type":"page","link":"https:\/\/ak-epito.hu\/en\/contact\/","title":{"rendered":"Contact"},"content":{"rendered":"<div class=\"wpb-content-wrapper\"><p>[vc_row css=&#8221;.vc_custom_1428215645512{padding-bottom: 0px !important;}&#8221; fullwidth=&#8221;&#8221;][vc_column width=&#8221;2\/3&#8243;][vc_gmaps link=&#8221;#E-8_JTNDaWZyYW1lJTIwc3JjJTNEJTIyaHR0cHMlM0ElMkYlMkZ3d3cuZ29vZ2xlLmNvbSUyRm1hcHMlMkZlbWJlZCUzRnBiJTNEJTIxMW0xOCUyMTFtMTIlMjExbTMlMjExZDI2ODYuMjM1MTAyMDc2MjgzJTIxMmQxNy43MTY0NzM5NTE4ODExNTIlMjEzZDQ3LjY3OTg1Mzk3OTA4NzQ0JTIxMm0zJTIxMWYwJTIxMmYwJTIxM2YwJTIxM20yJTIxMWkxMDI0JTIxMmk3NjglMjE0ZjEzLjElMjEzbTMlMjExbTIlMjExczB4MCUyNTNBMHgwJTIxMnpORGZDc0RRd0p6UTNMalVpVGlBeE44S3dORE1uTURjdU1pSkYlMjE1ZTAlMjEzbTIlMjExc2h1JTIxMnNodSUyMTR2MTUwMjE5NzgxMjc1NiUyMiUyMHdpZHRoJTNEJTIyNjAwJTIyJTIwaGVpZ2h0JTNEJTIyNDUwJTIyJTIwZnJhbWVib3JkZXIlM0QlMjIwJTIyJTIwc3R5bGUlM0QlMjJib3JkZXIlM0EwJTIyJTIwYWxsb3dmdWxsc2NyZWVuJTNFJTNDJTJGaWZyYW1lJTNF&#8221; size=&#8221;350&#8243;][\/vc_column][vc_column width=&#8221;1\/3&#8243;]<div class=\"tm-element-heading-wrapper tm-heading-inner tm-element-align-left \">[vc_cta h2=\"A-K \u00c9p\u00edt\u0151ipari Kft.\"  h2_use_theme_fonts=\"yes\"  h2_google_fonts=\"font_family:Arimo%3Aregular%2Citalic%2C700%2C700italic|font_style:700%20bold%20regular%3A700%3Anormal\"  h4_use_theme_fonts=\"yes\"  h4_google_fonts=\"font_family:Lato%3A100%2C100italic%2C300%2C300italic%2Cregular%2Citalic%2C700%2C700italic%2C900%2C900italic|font_style:300%20light%20regular%3A300%3Anormal\"  txt_align=\"left\"  i_css_animation=\"\" css_animation=\"\"][\/vc_cta]<\/div> <!-- .tm-element-heading-wrapper container --> <ul class=\"thememount_vc_contact_wrapper\"><li class=\"thememount-contact-phonenumber fa fa-phone\">+36 96 526 847<\/li><li class=\"thememount-contact-email fa fa-envelope-o\"><a href=\"mailto:ak@ak-epito.hu\">ak@ak-epito.hu<\/a><\/li><li class=\"thememount-contact-website fa fa-globe\"><a href=\"http:\/\/www.ak-epito.hu\">www.ak-epito.hu<\/a><\/li><li class=\"thememount-contact-address fa-map-marker\">H-9027 Gy\u0151r, Tibormajori \u00fat 27.<\/li><\/ul>[\/vc_column][\/vc_row]<\/p>\n<\/div>","protected":false},"excerpt":{"rendered":"<p>[vc_row css=&#8221;.vc_custom_1428215645512{padding-bottom: 0px !important;}&#8221; fullwidth=&#8221;&#8221;][vc_column width=&#8221;2\/3&#8243;][vc_gmaps link=&#8221;#E-8_JTNDaWZyYW1lJTIwc3JjJTNEJTIyaHR0cHMlM0ElMkYlMkZ3d3cuZ29vZ2xlLmNvbSUyRm1hcHMlMkZlbWJlZCUzRnBiJTNEJTIxMW0xOCUyMTFtMTIlMjExbTMlMjExZDI2ODYuMjM1MTAyMDc2MjgzJTIxMmQxNy43MTY0NzM5NTE4ODExNTIlMjEzZDQ3LjY3OTg1Mzk3OTA4NzQ0JTIxMm0zJTIxMWYwJTIxMmYwJTIxM2YwJTIxM20yJTIxMWkxMDI0JTIxMmk3NjglMjE0ZjEzLjElMjEzbTMlMjExbTIlMjExczB4MCUyNTNBMHgwJTIxMnpORGZDc0RRd0p6UTNMalVpVGlBeE44S3dORE1uTURjdU1pSkYlMjE1ZTAlMjEzbTIlMjExc2h1JTIxMnNodSUyMTR2MTUwMjE5NzgxMjc1NiUyMiUyMHdpZHRoJTNEJTIyNjAwJTIyJTIwaGVpZ2h0JTNEJTIyNDUwJTIyJTIwZnJhbWVib3JkZXIlM0QlMjIwJTIyJTIwc3R5bGUlM0QlMjJib3JkZXIlM0EwJTIyJTIwYWxsb3dmdWxsc2NyZWVuJTNFJTNDJTJGaWZyYW1lJTNF&#8221; size=&#8221;350&#8243;][\/vc_column][vc_column width=&#8221;1\/3&#8243;][\/vc_column][\/vc_row]<\/p>\n","protected":false},"author":1,"featured_media":0,"parent":0,"menu_order":19,"comment_status":"closed","ping_status":"open","template":"","meta":{"rank_math_lock_modified_date":false,"footnotes":""},"class_list":["post-6299","page","type-page","status-publish","hentry"],"_links":{"self":[{"href":"https:\/\/ak-epito.hu\/en\/wp-json\/wp\/v2\/pages\/6299"}],"collection":[{"href":"https:\/\/ak-epito.hu\/en\/wp-json\/wp\/v2\/pages"}],"about":[{"href":"https:\/\/ak-epito.hu\/en\/wp-json\/wp\/v2\/types\/page"}],"author":[{"embeddable":true,"href":"https:\/\/ak-epito.hu\/en\/wp-json\/wp\/v2\/users\/1"}],"replies":[{"embeddable":true,"href":"https:\/\/ak-epito.hu\/en\/wp-json\/wp\/v2\/comments?post=6299"}],"version-history":[{"count":5,"href":"https:\/\/ak-epito.hu\/en\/wp-json\/wp\/v2\/pages\/6299\/revisions"}],"predecessor-version":[{"id":17158,"href":"https:\/\/ak-epito.hu\/en\/wp-json\/wp\/v2\/pages\/6299\/revisions\/17158"}],"wp:attachment":[{"href":"https:\/\/ak-epito.hu\/en\/wp-json\/wp\/v2\/media?parent=6299"}],"curies":[{"name":"wp","href":"https:\/\/api.w.org\/{rel}","templated":true}]}}